{"id":1104,"date":"2023-11-06T12:24:05","date_gmt":"2023-11-06T09:24:05","guid":{"rendered":"https:\/\/tekfenkoleji.k12.tr\/?page_id=1104"},"modified":"2023-12-21T15:08:27","modified_gmt":"2023-12-21T12:08:27","slug":"yabanci-dil-programi","status":"publish","type":"page","link":"https:\/\/tekfenkoleji.k12.tr\/index.php\/yabanci-dil-programi\/","title":{"rendered":"Yabanc\u0131 Dil Program\u0131"},"content":{"rendered":"\t\t<div data-elementor-type=\"wp-page\" data-elementor-id=\"1104\" class=\"elementor elementor-1104\">\n\t\t\t\t\t\t<section class=\"elementor-section elementor-top-section elementor-element elementor-element-faba64b elementor-section-boxed elementor-section-height-default elementor-section-height-default\" data-id=\"faba64b\" data-element_type=\"section\">\n\t\t\t\t\t\t<div class=\"elementor-container elementor-column-gap-default\">\n\t\t\t\t\t<div class=\"aux-parallax-section elementor-column elementor-col-100 elementor-top-column elementor-element elementor-element-e11b766\" data-id=\"e11b766\" data-element_type=\"column\">\n\t\t\t<div class=\"elementor-widget-wrap elementor-element-populated\">\n\t\t\t\t\t\t<div class=\"elementor-element elementor-element-296e846 elementor-widget elementor-widget-spacer\" data-id=\"296e846\" data-element_type=\"widget\" data-widget_type=\"spacer.default\">\n\t\t\t\t<div class=\"elementor-widget-container\">\n\t\t\t\t\t\t\t<div class=\"elementor-spacer\">\n\t\t\t<div class=\"elementor-spacer-inner\"><\/div>\n\t\t<\/div>\n\t\t\t\t\t\t<\/div>\n\t\t\t\t<\/div>\n\t\t\t\t\t<\/div>\n\t\t<\/div>\n\t\t\t\t\t<\/div>\n\t\t<\/section>\n\t\t\t\t<section class=\"elementor-section elementor-top-section elementor-element elementor-element-c527124 elementor-section-boxed elementor-section-height-default elementor-section-height-default\" data-id=\"c527124\" data-element_type=\"section\">\n\t\t\t\t\t\t<div class=\"elementor-container elementor-column-gap-default\">\n\t\t\t\t\t<div class=\"aux-parallax-section elementor-column elementor-col-100 elementor-top-column elementor-element elementor-element-6ebcf57\" data-id=\"6ebcf57\" data-element_type=\"column\">\n\t\t\t<div class=\"elementor-widget-wrap elementor-element-populated\">\n\t\t\t\t\t\t<div class=\"elementor-element elementor-element-9f63c9e elementor-widget elementor-widget-aux_modern_heading\" data-id=\"9f63c9e\" data-element_type=\"widget\" data-widget_type=\"aux_modern_heading.default\">\n\t\t\t\t<div class=\"elementor-widget-container\">\n\t\t\t\t\t<section class=\"aux-widget-modern-heading\">\n            <div class=\"aux-widget-inner\"><h2 class=\"aux-modern-heading-primary\">Yabanc\u0131 Dil Program\u0131<\/h2><div class=\"aux-modern-heading-divider\"><\/div><\/div>\n        <\/section>\t\t\t\t<\/div>\n\t\t\t\t<\/div>\n\t\t\t\t\t<\/div>\n\t\t<\/div>\n\t\t\t\t\t<\/div>\n\t\t<\/section>\n\t\t\t\t<section class=\"elementor-section elementor-top-section elementor-element elementor-element-f5e1776 elementor-section-boxed elementor-section-height-default elementor-section-height-default\" data-id=\"f5e1776\" data-element_type=\"section\">\n\t\t\t\t\t\t<div class=\"elementor-container elementor-column-gap-default\">\n\t\t\t\t\t<div class=\"aux-parallax-section elementor-column elementor-col-100 elementor-top-column elementor-element elementor-element-ddc74de\" data-id=\"ddc74de\" data-element_type=\"column\">\n\t\t\t<div class=\"elementor-widget-wrap elementor-element-populated\">\n\t\t\t\t\t\t<div class=\"elementor-element elementor-element-8fd6b42 elementor-widget elementor-widget-spacer\" data-id=\"8fd6b42\" data-element_type=\"widget\" data-widget_type=\"spacer.default\">\n\t\t\t\t<div class=\"elementor-widget-container\">\n\t\t\t\t\t\t\t<div class=\"elementor-spacer\">\n\t\t\t<div class=\"elementor-spacer-inner\"><\/div>\n\t\t<\/div>\n\t\t\t\t\t\t<\/div>\n\t\t\t\t<\/div>\n\t\t\t\t\t<\/div>\n\t\t<\/div>\n\t\t\t\t\t<\/div>\n\t\t<\/section>\n\t\t\t\t<section class=\"elementor-section elementor-top-section elementor-element elementor-element-9f1bb06 elementor-section-boxed elementor-section-height-default elementor-section-height-default\" data-id=\"9f1bb06\" data-element_type=\"section\">\n\t\t\t\t\t\t<div class=\"elementor-container elementor-column-gap-default\">\n\t\t\t\t\t<div class=\"aux-parallax-section elementor-column elementor-col-33 elementor-top-column elementor-element elementor-element-8782db0\" data-id=\"8782db0\" data-element_type=\"column\">\n\t\t\t<div class=\"elementor-widget-wrap elementor-element-populated\">\n\t\t\t\t\t\t<div class=\"elementor-element elementor-element-5892476 elementor-widget elementor-widget-image\" data-id=\"5892476\" data-element_type=\"widget\" data-widget_type=\"image.default\">\n\t\t\t\t<div class=\"elementor-widget-container\">\n\t\t\t\t\t\t\t\t\t\t\t\t\t\t\t<img fetchpriority=\"high\" decoding=\"async\" width=\"300\" height=\"300\" src=\"https:\/\/tekfenkoleji.k12.tr\/wp-content\/uploads\/2023\/11\/ingilizce.jpg\" class=\"attachment-large size-large wp-image-1107\" alt=\"\" srcset=\"https:\/\/tekfenkoleji.k12.tr\/wp-content\/uploads\/2023\/11\/ingilizce.jpg 300w, https:\/\/tekfenkoleji.k12.tr\/wp-content\/uploads\/2023\/11\/ingilizce-150x150.jpg 150w, https:\/\/tekfenkoleji.k12.tr\/wp-content\/uploads\/2023\/11\/ingilizce-200x200.jpg 200w\" sizes=\"(max-width: 300px) 100vw, 300px\" \/>\t\t\t\t\t\t\t\t\t\t\t\t\t\t\t<\/div>\n\t\t\t\t<\/div>\n\t\t\t\t\t<\/div>\n\t\t<\/div>\n\t\t\t\t<div class=\"aux-parallax-section elementor-column elementor-col-66 elementor-top-column elementor-element elementor-element-a6a9ff4\" data-id=\"a6a9ff4\" data-element_type=\"column\">\n\t\t\t<div class=\"elementor-widget-wrap elementor-element-populated\">\n\t\t\t\t\t\t<div class=\"elementor-element elementor-element-1af0b90 elementor-widget elementor-widget-text-editor\" data-id=\"1af0b90\" data-element_type=\"widget\" data-widget_type=\"text-editor.default\">\n\t\t\t\t<div class=\"elementor-widget-container\">\n\t\t\t\t\t\t\t\t\t<p><strong>TEKFEN E\u011e\u0130T\u0130M KURUMLARINDA YABANCI D\u0130L PROGRAMI<\/strong><\/p><p>\u00a0 \u00a0\u00a0\u00a0\u00a0\u00a0\u00a0\u00a0\u00a0\u00a0 Tekfen e\u011fitim kurumlar\u0131, kuruldu\u011fu g\u00fcn itibariyle bir ces (cambridge educational school) cambridge \u00fcniversitesinin akredite etti\u011fi bir e\u011fitim kurumudur. Bu sayede yabanc\u0131 dil m\u00fcfredat ve materyal deste\u011fi kurumumuza cambridge \u00fcniversitesi taraf\u0131ndan sa\u011flanmaktad\u0131r.<\/p><p>Ayn\u0131 zamanda toefl resmi temsilcisidir. \u0130lkokul 3. S\u0131n\u0131fta (teofl primary), 7. S\u0131n\u0131fta (toefl junior), lise 2. S\u0131n\u0131fta ise toefl(\u0131tp-institutional toefl) sertifikas\u0131 vermektedir. \u00d6zellikle \u0131tp sertifikas\u0131 sayesinde \u00f6\u011frencilerimiz t\u00fcrkiye\u2019de \u00f6zel ve ya devlet hangi \u00fcniversite\u2019de okursa okusunlar haz\u0131rl\u0131k s\u0131n\u0131f\u0131 okumadan direk \u00fcniversite 1. S\u0131n\u0131fa ge\u00e7i\u015f \u015fans\u0131na sahip olmaktad\u0131r.\u00a0<\/p><p>Tekfen e\u011ftim kurumlar\u0131 \u0131se-usa \u2018n\u0131n t\u00fcrkiye temsilcisidir. Bu anla\u015fma sayesinde dileyen t\u00fcm \u00f6\u011frencilerimiz ayn\u0131 e\u011fitim \u00fccretiyle\u00a0 lise ara ve ya son s\u0131n\u0131flar\u0131n\u0131 15 \u00fclkede(abd., kanada, ingiltere, avustralya, yeni zelanda, irlanda, fransa, italya, ispanya, almanya, bel\u00e7ika, arjantin, brezilya, ekvator, \u015fili)\u2019de okuma ve \u00e7ift lise diplomas\u0131 ile mezun olma imkan\u0131na sahiptirler.\u00a0\u00a0<\/p><p>Tekfen e\u011fitim kurumlar\u0131nda yabanc\u0131 dil program saatleri<\/p><p>T\u00dcRK\u0130YE\u2019DE TEKFEN\u2019DE (1. SINIFTAN 6. SINIFIN SONUNA KADAR <strong>4100 SAAT EN YO\u011eUN YABANCI D\u0130L PROGRAM SAAT\u0130)<\/strong><\/p><p><strong>\u0130LKOKUL KADEMES\u0130,<\/strong><\/p><p><strong>Anaokulunda<\/strong> haftada 8 saat \u0130ngilizce (2 saat native speaker,6 saat T\u00fcrk, \u0130ngilizce \u00f6\u011fretmeni)+2 saat \u0130spanyolca toplam = 10 saat<\/p><p><strong>1.s\u0131n\u0131fta<\/strong> haftada 10 saat \u0130ngilizce (2 saat native speaker,8 saat T\u00fcrk ,\u0130ngilizce \u00f6\u011fretmeni)+2 saat \u0130spanyolca toplam = 12 saat<\/p><ol start=\"2\"><li><strong> s\u0131n\u0131fta<\/strong> haftada 10 saat \u0130ngilizce (2 saat native speaker,8 saat T\u00fcrk, \u0130ngilizce \u00f6\u011fretmeni)+2 saat \u0130spanyolca toplam = 12 saat<\/li><li><strong> s\u0131n\u0131fta<\/strong> haftada 10 saat \u0130ngilizce (4 saat native speaker,6 saat T\u00fcrk, \u0130ngilizce \u00f6\u011fretmeni)+2 saat \u0130spanyolca toplam = 12 saat<\/li><li><strong> s\u0131n\u0131fta<\/strong> haftada 12 saat \u0130ngilizce (2 saat native speaker,10 saat T\u00fcrk, \u0130ngilizce \u00f6\u011fretmeni)+2 saat \u0130spanyolca toplam = 14 saat<\/li><\/ol>\t\t\t\t\t\t\t\t<\/div>\n\t\t\t\t<\/div>\n\t\t\t\t\t<\/div>\n\t\t<\/div>\n\t\t\t\t\t<\/div>\n\t\t<\/section>\n\t\t\t\t<\/div>\n\t\t","protected":false},"excerpt":{"rendered":"<p>Yabanc\u0131 Dil Program\u0131 TEKFEN E\u011e\u0130T\u0130M KURUMLARINDA YABANCI D\u0130L PROGRAMI \u00a0 \u00a0\u00a0\u00a0\u00a0\u00a0\u00a0\u00a0\u00a0\u00a0 Tekfen e\u011fitim kurumlar\u0131, kuruldu\u011fu g\u00fcn itibariyle bir ces (cambridge educational school) cambridge \u00fcniversitesinin akredite etti\u011fi bir e\u011fitim kurumudur. Bu sayede yabanc\u0131 dil m\u00fcfredat ve materyal deste\u011fi kurumumuza cambridge \u00fcniversitesi taraf\u0131ndan sa\u011flanmaktad\u0131r. Ayn\u0131 zamanda toefl resmi temsilcisidir. \u0130lkokul 3. S\u0131n\u0131fta (teofl primary), 7. S\u0131n\u0131fta (toefl [&hellip;]<\/p>\n","protected":false},"author":1,"featured_media":0,"parent":0,"menu_order":0,"comment_status":"closed","ping_status":"closed","template":"","meta":{"footnotes":""},"class_list":["post-1104","page","type-page","status-publish","hentry"],"_links":{"self":[{"href":"https:\/\/tekfenkoleji.k12.tr\/index.php\/wp-json\/wp\/v2\/pages\/1104","targetHints":{"allow":["GET"]}}],"collection":[{"href":"https:\/\/tekfenkoleji.k12.tr\/index.php\/wp-json\/wp\/v2\/pages"}],"about":[{"href":"https:\/\/tekfenkoleji.k12.tr\/index.php\/wp-json\/wp\/v2\/types\/page"}],"author":[{"embeddable":true,"href":"https:\/\/tekfenkoleji.k12.tr\/index.php\/wp-json\/wp\/v2\/users\/1"}],"replies":[{"embeddable":true,"href":"https:\/\/tekfenkoleji.k12.tr\/index.php\/wp-json\/wp\/v2\/comments?post=1104"}],"version-history":[{"count":17,"href":"https:\/\/tekfenkoleji.k12.tr\/index.php\/wp-json\/wp\/v2\/pages\/1104\/revisions"}],"predecessor-version":[{"id":1549,"href":"https:\/\/tekfenkoleji.k12.tr\/index.php\/wp-json\/wp\/v2\/pages\/1104\/revisions\/1549"}],"wp:attachment":[{"href":"https:\/\/tekfenkoleji.k12.tr\/index.php\/wp-json\/wp\/v2\/media?parent=1104"}],"curies":[{"name":"wp","href":"https:\/\/api.w.org\/{rel}","templated":true}]}}