{"id":1515,"date":"2023-12-21T13:41:30","date_gmt":"2023-12-21T10:41:30","guid":{"rendered":"https:\/\/tekfenkoleji.k12.tr\/?page_id=1515"},"modified":"2023-12-21T13:43:52","modified_gmt":"2023-12-21T10:43:52","slug":"ogretmen-cv","status":"publish","type":"page","link":"https:\/\/tekfenkoleji.k12.tr\/index.php\/ogretmen-cv\/","title":{"rendered":"\u00d6\u011fretmen Cv"},"content":{"rendered":"\t\t<div data-elementor-type=\"wp-page\" data-elementor-id=\"1515\" class=\"elementor elementor-1515\">\n\t\t\t\t\t\t<section class=\"elementor-section elementor-top-section elementor-element elementor-element-ba7303e elementor-section-boxed elementor-section-height-default elementor-section-height-default\" data-id=\"ba7303e\" data-element_type=\"section\">\n\t\t\t\t\t\t<div class=\"elementor-container elementor-column-gap-default\">\n\t\t\t\t\t<div class=\"aux-parallax-section elementor-column elementor-col-100 elementor-top-column elementor-element elementor-element-782b2a5\" data-id=\"782b2a5\" data-element_type=\"column\">\n\t\t\t<div class=\"elementor-widget-wrap elementor-element-populated\">\n\t\t\t\t\t\t<div class=\"elementor-element elementor-element-ff1d788 elementor-widget elementor-widget-spacer\" data-id=\"ff1d788\" data-element_type=\"widget\" data-widget_type=\"spacer.default\">\n\t\t\t\t<div class=\"elementor-widget-container\">\n\t\t\t\t\t\t\t<div class=\"elementor-spacer\">\n\t\t\t<div class=\"elementor-spacer-inner\"><\/div>\n\t\t<\/div>\n\t\t\t\t\t\t<\/div>\n\t\t\t\t<\/div>\n\t\t\t\t\t<\/div>\n\t\t<\/div>\n\t\t\t\t\t<\/div>\n\t\t<\/section>\n\t\t\t\t<section class=\"elementor-section elementor-top-section elementor-element elementor-element-dc25e71 elementor-section-boxed elementor-section-height-default elementor-section-height-default\" data-id=\"dc25e71\" data-element_type=\"section\">\n\t\t\t\t\t\t<div class=\"elementor-container elementor-column-gap-default\">\n\t\t\t\t\t<div class=\"aux-parallax-section elementor-column elementor-col-100 elementor-top-column elementor-element elementor-element-ed35ea5\" data-id=\"ed35ea5\" data-element_type=\"column\">\n\t\t\t<div class=\"elementor-widget-wrap\">\n\t\t\t\t\t\t\t<\/div>\n\t\t<\/div>\n\t\t\t\t\t<\/div>\n\t\t<\/section>\n\t\t\t\t<section class=\"elementor-section elementor-top-section elementor-element elementor-element-dcd93d6 elementor-section-boxed elementor-section-height-default elementor-section-height-default\" data-id=\"dcd93d6\" data-element_type=\"section\">\n\t\t\t\t\t\t\t<div class=\"elementor-background-overlay\"><\/div>\n\t\t\t\t\t\t\t<div class=\"elementor-container elementor-column-gap-default\">\n\t\t\t\t\t<div class=\"aux-parallax-section elementor-column elementor-col-100 elementor-top-column elementor-element elementor-element-8ae15e6\" data-id=\"8ae15e6\" data-element_type=\"column\">\n\t\t\t<div class=\"elementor-widget-wrap elementor-element-populated\">\n\t\t\t\t\t\t<div class=\"elementor-element elementor-element-63cabf9 elementor-widget elementor-widget-image\" data-id=\"63cabf9\" data-element_type=\"widget\" data-widget_type=\"image.default\">\n\t\t\t\t<div class=\"elementor-widget-container\">\n\t\t\t\t\t\t\t\t\t\t\t\t\t\t\t<img decoding=\"async\" width=\"134\" height=\"94\" src=\"https:\/\/tekfenkoleji.k12.tr\/wp-content\/uploads\/2023\/10\/logo.png\" class=\"attachment-large size-large wp-image-149\" alt=\"\" \/>\t\t\t\t\t\t\t\t\t\t\t\t\t\t\t<\/div>\n\t\t\t\t<\/div>\n\t\t\t\t<div class=\"elementor-element elementor-element-dc291a6 elementor-widget elementor-widget-aux_modern_heading\" data-id=\"dc291a6\" data-element_type=\"widget\" data-widget_type=\"aux_modern_heading.default\">\n\t\t\t\t<div class=\"elementor-widget-container\">\n\t\t\t\t\t<section class=\"aux-widget-modern-heading\">\n            <div class=\"aux-widget-inner\"><h2 class=\"aux-modern-heading-primary\">\u00d6\u011fretmen \u0130\u015f Ba\u015fvurusu<\/h2><div class=\"aux-modern-heading-divider\"><\/div><\/div>\n        <\/section>\t\t\t\t<\/div>\n\t\t\t\t<\/div>\n\t\t\t\t<div class=\"elementor-element elementor-element-4772150 elementor-widget elementor-widget-shortcode\" data-id=\"4772150\" data-element_type=\"widget\" data-widget_type=\"shortcode.default\">\n\t\t\t\t<div class=\"elementor-widget-container\">\n\t\t\t\t\t\t\t<div class=\"elementor-shortcode\"><div class=\"forminator-ui forminator-custom-form forminator-custom-form-1514 forminator-design--default  forminator_ajax\" data-forminator-render=\"0\" data-form=\"forminator-module-1514\" data-uid=\"69ed08f81934d\"><br\/><\/div><form\n\t\t\t\tid=\"forminator-module-1514\"\n\t\t\t\tclass=\"forminator-ui forminator-custom-form forminator-custom-form-1514 forminator-design--default  forminator_ajax\"\n\t\t\t\tmethod=\"post\"\n\t\t\t\tdata-forminator-render=\"0\"\n\t\t\t\tdata-form-id=\"1514\"\n\t\t\t\t\n\t\t\t\tdata-design=\"default\"\n\t\t\t\tdata-color-option=\"default\"\n\t\t\t\t\n\t\t\t\t\n\t\t\t\t\n\t\t\t\tdata-grid=\"open\"\n\t\t\t\tenctype=\"multipart\/form-data\"\n\t\t\t\t\n\t\t\t\tstyle=\"display: none;\"\n\t\t\t\t\n\t\t\t\tdata-uid=\"69ed08f81934d\"\n\t\t\t><div role=\"alert\" aria-live=\"polite\" class=\"forminator-response-message forminator-error\" aria-hidden=\"true\"><\/div><div class=\"forminator-row\"><div id=\"name-1\" class=\"forminator-field-name forminator-col forminator-col-6 \"><div class=\"forminator-field\"><label for=\"forminator-field-name-1_69ed08f81934d\" id=\"forminator-field-name-1_69ed08f81934d-label\" class=\"forminator-label\">Ad\u0131 <span class=\"forminator-required\">*<\/span><\/label><input type=\"text\" name=\"name-1\" value=\"\" placeholder=\"\" id=\"forminator-field-name-1_69ed08f81934d\" class=\"forminator-input forminator-name--field\" aria-required=\"true\" \/><\/div><\/div><div id=\"name-2\" class=\"forminator-field-name forminator-col forminator-col-6 \"><div class=\"forminator-field\"><label for=\"forminator-field-name-2_69ed08f81934d\" id=\"forminator-field-name-2_69ed08f81934d-label\" class=\"forminator-label\">Soyad\u0131 <span class=\"forminator-required\">*<\/span><\/label><input type=\"text\" name=\"name-2\" value=\"\" placeholder=\"\" id=\"forminator-field-name-2_69ed08f81934d\" class=\"forminator-input forminator-name--field\" aria-required=\"true\" \/><\/div><\/div><\/div><div class=\"forminator-row\"><div id=\"phone-1\" class=\"forminator-field-phone forminator-col forminator-col-6 \"><div class=\"forminator-field\"><label for=\"forminator-field-phone-1_69ed08f81934d\" id=\"forminator-field-phone-1_69ed08f81934d-label\" class=\"forminator-label\">Telefon <span class=\"forminator-required\">*<\/span><\/label><input type=\"text\" name=\"phone-1\" value=\"\" placeholder=\"\" id=\"forminator-field-phone-1_69ed08f81934d\" class=\"forminator-input forminator-field--phone\" data-required=\"1\" aria-required=\"true\" autocomplete=\"off\" \/><\/div><\/div><div id=\"email-1\" class=\"forminator-field-email forminator-col forminator-col-6 \"><div class=\"forminator-field\"><label for=\"forminator-field-email-1_69ed08f81934d\" id=\"forminator-field-email-1_69ed08f81934d-label\" class=\"forminator-label\">E-posta Adresi <span class=\"forminator-required\">*<\/span><\/label><input type=\"email\" name=\"email-1\" value=\"\" placeholder=\"\" id=\"forminator-field-email-1_69ed08f81934d\" class=\"forminator-input forminator-email--field\" data-required=\"1\" aria-required=\"true\" \/><\/div><\/div><\/div><div class=\"forminator-row\"><div id=\"select-1\" class=\"forminator-field-select forminator-col forminator-col-6 \"><div class=\"forminator-field\"><label for=\"forminator-form-1514__field--select-1_69ed08f81934d\" id=\"forminator-form-1514__field--select-1_69ed08f81934d-label\" class=\"forminator-label\">E\u011fitim Durumu<\/label><select  id=\"forminator-form-1514__field--select-1_69ed08f81934d\" class=\"forminator-select--field forminator-select2 forminator-select2-multiple\" data-required=\"\" name=\"select-1\" data-default-value=\"\" data-hidden-behavior=\"zero\" data-placeholder=\"\" data-search=\"false\" data-search-placeholder=\"\" data-checkbox=\"false\" data-allow-clear=\"false\" aria-labelledby=\"forminator-form-1514__field--select-1_69ed08f81934d-label\"><option value=\"Lise\"  data-calculation=\"0\">Lise<\/option><option value=\"\u00dcniversite\"  data-calculation=\"0\">Lisans<\/option><option value=\"\u00d6n-Lisans\"  data-calculation=\"0\">\u00d6n Lisans<\/option><option value=\"Y\u00fcksek-Lisans\"  data-calculation=\"0\">Y\u00fcksek Lisans<\/option><option value=\"Doktora\"  data-calculation=\"0\">Doktora<\/option><\/select><\/div><\/div><div id=\"name-3\" class=\"forminator-field-name forminator-col forminator-col-6 \"><div class=\"forminator-field\"><label for=\"forminator-field-name-3_69ed08f81934d\" id=\"forminator-field-name-3_69ed08f81934d-label\" class=\"forminator-label\">Askerlik Durumu<\/label><input type=\"text\" name=\"name-3\" value=\"\" placeholder=\"\" id=\"forminator-field-name-3_69ed08f81934d\" class=\"forminator-input forminator-name--field\" aria-required=\"false\" \/><\/div><\/div><\/div><div class=\"forminator-row\"><div id=\"select-4\" class=\"forminator-field-select forminator-col forminator-col-4 \"><div class=\"forminator-field\"><label for=\"forminator-form-1514__field--select-4_69ed08f81934d\" id=\"forminator-form-1514__field--select-4_69ed08f81934d-label\" class=\"forminator-label\">\u00d6\u011frenimi Se\u00e7iniz<\/label><select  id=\"forminator-form-1514__field--select-4_69ed08f81934d\" class=\"forminator-select--field forminator-select2 forminator-select2-multiple\" data-required=\"\" name=\"select-4\" data-default-value=\"\" data-hidden-behavior=\"zero\" data-placeholder=\"\" data-search=\"false\" data-search-placeholder=\"\" data-checkbox=\"false\" data-allow-clear=\"false\" aria-labelledby=\"forminator-form-1514__field--select-4_69ed08f81934d-label\"><option value=\"one\"  data-calculation=\"0\">Lise<\/option><option value=\"two\"  data-calculation=\"0\">\u00d6nlisans<\/option><option value=\"Lisans\"  data-calculation=\"0\">Lisans<\/option><option value=\"Y\u00fcksek-Lisans\"  data-calculation=\"0\">Y\u00fcksek Lisans<\/option><option value=\"Doktora\"  data-calculation=\"0\">Doktora<\/option><\/select><\/div><\/div><div id=\"name-5\" class=\"forminator-field-name forminator-col forminator-col-4 \"><div class=\"forminator-field\"><label for=\"forminator-field-name-5_69ed08f81934d\" id=\"forminator-field-name-5_69ed08f81934d-label\" class=\"forminator-label\">Okudu\u011fu Okul <span class=\"forminator-required\">*<\/span><\/label><input type=\"text\" name=\"name-5\" value=\"\" placeholder=\"\" id=\"forminator-field-name-5_69ed08f81934d\" class=\"forminator-input forminator-name--field\" aria-required=\"true\" \/><\/div><\/div><div id=\"date-1\" class=\"forminator-field-date forminator-col forminator-col-4 \"><div class=\"forminator-field\"><label for=\"forminator-field-date-1-picker_69ed08f81934d\" id=\"forminator-field-date-1-picker_69ed08f81934d-label\" class=\"forminator-label\">Mezun Oldu\u011fu Tarih<\/label><div class=\"forminator-input-with-icon\"><span class=\"forminator-icon-calendar\" aria-hidden=\"true\"><\/span><input autocomplete=\"off\" type=\"text\" size=\"1\" name=\"date-1\" value=\"\" placeholder=\"\" id=\"forminator-field-date-1-picker_69ed08f81934d\" class=\"forminator-input forminator-datepicker\" data-required=\"\" data-format=\"mm\/dd\/yy\" data-restrict-type=\"\" data-restrict=\"\" data-start-year=\"1926\" data-end-year=\"2126\" data-past-dates=\"enable\" data-start-of-week=\"1\" data-start-date=\"\" data-end-date=\"\" data-start-field=\"\" data-end-field=\"\" data-start-offset=\"\" data-end-offset=\"\" data-disable-date=\"\" data-disable-range=\"\" \/><\/div><\/div><\/div><\/div><div class=\"forminator-row\"><div id=\"select-5\" class=\"forminator-field-select forminator-col forminator-col-4 \"><div class=\"forminator-field\"><label for=\"forminator-form-1514__field--select-5_69ed08f81934d\" id=\"forminator-form-1514__field--select-5_69ed08f81934d-label\" class=\"forminator-label\">\u00d6\u011frenimi Se\u00e7iniz<\/label><select  id=\"forminator-form-1514__field--select-5_69ed08f81934d\" class=\"forminator-select--field forminator-select2 forminator-select2-multiple\" data-required=\"\" name=\"select-5\" data-default-value=\"\" data-hidden-behavior=\"zero\" data-placeholder=\"\" data-search=\"false\" data-search-placeholder=\"\" data-checkbox=\"false\" data-allow-clear=\"false\" aria-labelledby=\"forminator-form-1514__field--select-5_69ed08f81934d-label\"><option value=\"one\"  data-calculation=\"0\">Lise<\/option><option value=\"two\"  data-calculation=\"0\">\u00d6nlisans<\/option><option value=\"Lisans\"  data-calculation=\"0\">Lisans<\/option><option value=\"Y\u00fcksek-Lisans\"  data-calculation=\"0\">Y\u00fcksek Lisans<\/option><option value=\"Doktora\"  data-calculation=\"0\">Doktora<\/option><\/select><\/div><\/div><div id=\"name-6\" class=\"forminator-field-name forminator-col forminator-col-4 \"><div class=\"forminator-field\"><label for=\"forminator-field-name-6_69ed08f81934d\" id=\"forminator-field-name-6_69ed08f81934d-label\" class=\"forminator-label\">Okudu\u011fu Okul <span class=\"forminator-required\">*<\/span><\/label><input type=\"text\" name=\"name-6\" value=\"\" placeholder=\"\" id=\"forminator-field-name-6_69ed08f81934d\" class=\"forminator-input forminator-name--field\" aria-required=\"true\" \/><\/div><\/div><div id=\"date-2\" class=\"forminator-field-date forminator-col forminator-col-4 \"><div class=\"forminator-field\"><label for=\"forminator-field-date-2-picker_69ed08f81934d\" id=\"forminator-field-date-2-picker_69ed08f81934d-label\" class=\"forminator-label\">Mezun Oldu\u011fu Tarih<\/label><div class=\"forminator-input-with-icon\"><span class=\"forminator-icon-calendar\" aria-hidden=\"true\"><\/span><input autocomplete=\"off\" type=\"text\" size=\"1\" name=\"date-2\" value=\"\" placeholder=\"\" id=\"forminator-field-date-2-picker_69ed08f81934d\" class=\"forminator-input forminator-datepicker\" data-required=\"\" data-format=\"mm\/dd\/yy\" data-restrict-type=\"\" data-restrict=\"\" data-start-year=\"1926\" data-end-year=\"2126\" data-past-dates=\"enable\" data-start-of-week=\"1\" data-start-date=\"\" data-end-date=\"\" data-start-field=\"\" data-end-field=\"\" data-start-offset=\"\" data-end-offset=\"\" data-disable-date=\"\" data-disable-range=\"\" \/><\/div><\/div><\/div><\/div><div class=\"forminator-row\"><div id=\"name-4\" class=\"forminator-field-name forminator-col forminator-col-12 \"><div class=\"forminator-field\"><label for=\"forminator-field-name-4_69ed08f81934d\" id=\"forminator-field-name-4_69ed08f81934d-label\" class=\"forminator-label\">B\u00f6l\u00fcm\/Alan <span class=\"forminator-required\">*<\/span><\/label><input type=\"text\" name=\"name-4\" value=\"\" placeholder=\"\" id=\"forminator-field-name-4_69ed08f81934d\" class=\"forminator-input forminator-name--field\" aria-required=\"true\" \/><\/div><\/div><\/div><div class=\"forminator-row\"><div id=\"textarea-1\" class=\"forminator-field-textarea forminator-col forminator-col-12 \"><div class=\"forminator-field\"><label for=\"forminator-field-textarea-1_69ed08f81934d\" id=\"forminator-field-textarea-1_69ed08f81934d-label\" class=\"forminator-label\">\u0130\u015f Tecr\u00fcbesi<\/label><textarea name=\"textarea-1\" placeholder=\"\" id=\"forminator-field-textarea-1_69ed08f81934d\" class=\"forminator-textarea\" rows=\"6\" style=\"min-height:140px;\" ><\/textarea><\/div><\/div><\/div><div class=\"forminator-row\"><div id=\"select-2\" class=\"forminator-field-select forminator-col forminator-col-6 \"><div class=\"forminator-field\"><label for=\"forminator-form-1514__field--select-2_69ed08f81934d\" id=\"forminator-form-1514__field--select-2_69ed08f81934d-label\" class=\"forminator-label\">Yabanc\u0131 Dil<\/label><select  id=\"forminator-form-1514__field--select-2_69ed08f81934d\" class=\"forminator-select--field forminator-select2 forminator-select2-multiple\" data-required=\"\" name=\"select-2\" data-default-value=\"\" data-hidden-behavior=\"zero\" data-placeholder=\"\" data-search=\"false\" data-search-placeholder=\"\" data-checkbox=\"false\" data-allow-clear=\"false\" aria-labelledby=\"forminator-form-1514__field--select-2_69ed08f81934d-label\"><option value=\"one\"  data-calculation=\"0\">\u0130ngilizce<\/option><option value=\"two\"  data-calculation=\"0\">Frans\u0131zca<\/option><option value=\"Y\u00fcksek-Lisans\"  data-calculation=\"0\">Almanca<\/option><option value=\"Doktora\"  data-calculation=\"0\">\u0130spanyolca<\/option><option value=\"Rus\u00e7a\"  data-calculation=\"0\">Rus\u00e7a<\/option><\/select><\/div><\/div><div id=\"select-3\" class=\"forminator-field-select forminator-col forminator-col-6 \"><div class=\"forminator-field\"><label for=\"forminator-form-1514__field--select-3_69ed08f81934d\" id=\"forminator-form-1514__field--select-3_69ed08f81934d-label\" class=\"forminator-label\">Derece<\/label><select  id=\"forminator-form-1514__field--select-3_69ed08f81934d\" class=\"forminator-select--field forminator-select2 forminator-select2-multiple\" data-required=\"\" name=\"select-3\" data-default-value=\"\" data-hidden-behavior=\"zero\" data-placeholder=\"\" data-search=\"false\" data-search-placeholder=\"\" data-checkbox=\"false\" data-allow-clear=\"false\" aria-labelledby=\"forminator-form-1514__field--select-3_69ed08f81934d-label\"><option value=\"one\"  data-calculation=\"0\">Az<\/option><option value=\"two\"  data-calculation=\"0\">Orta<\/option><option value=\"Y\u00fcksek-Lisans\"  data-calculation=\"0\">\u0130yi<\/option><\/select><\/div><\/div><\/div><div class=\"forminator-row\"><div id=\"upload-1\" class=\"forminator-field-upload forminator-col forminator-col-12 \"><div class=\"forminator-field\"><label for=\"forminator-field-upload-1_69ed08f81934d\" id=\"forminator-field-upload-1_69ed08f81934d-label\" class=\"forminator-label\">CV Y\u00fckle(Word,Pdf)<\/label><div class=\"forminator-file-upload \" data-element=\"upload-1_69ed08f81934d\"><input type=\"file\" name=\"upload-1\" id=\"forminator-field-upload-1_69ed08f81934d\" class=\"forminator-input-file\" accept=\".jpg,.jpeg,.jpe,.gif,.png,.bmp,.tiff,.tif,.webp,.ico,.heic,.asf,.asx,.wmv,.wmx,.wm,.avi,.divx,.flv,.mov,.qt,.mpeg,.mpg,.mpe,.mp4,.m4v,.ogv,.webm,.mkv,.3gp,.3gpp,.3g2,.3gp2,.txt,.asc,.c,.cc,.h,.srt,.csv,.tsv,.ics,.rtx,.vtt,.mp3,.m4a,.m4b,.aac,.ra,.ram,.wav,.ogg,.oga,.flac,.mid,.midi,.wma,.wax,.mka,.rtf,.pdf,.class,.tar,.zip,.gz,.gzip,.7z,.psd,.xcf,.doc,.pot,.pps,.ppt,.wri,.xla,.xls,.xlt,.xlw,.mdb,.mpp,.docx,.docm,.dotx,.dotm,.xlsx,.xlsm,.xlsb,.xltx,.xltm,.xlam,.pptx,.pptm,.ppsx,.ppsm,.potx,.potm,.ppam,.sldx,.sldm,.onetoc,.onetoc2,.onetmp,.onepkg,.oxps,.xps,.odt,.odp,.ods,.odg,.odc,.odb,.odf,.wp,.wpd,.key,.numbers,.pages,.json\" tabindex=\"-1\"><button id=\"forminator-field-upload-1_69ed08f81934d_button\" class=\"forminator-button forminator-button-upload\" data-id=\"forminator-field-upload-1_69ed08f81934d\">Dosya Se\u00e7<\/button><span data-empty-text=\"Dosya se\u00e7ilmedi\">Dosya se\u00e7ilmedi<\/span><button class=\"forminator-button-delete\" style=\"display: none;\"><i class=\"forminator-icon-close\" aria-hidden=\"true\"><\/i><span class=\"forminator-screen-reader-only\">Y\u00fcklenen dosyay\u0131 sil<\/span><\/button><\/div><\/div><\/div><\/div><input type=\"hidden\" name=\"referer_url\" value=\"\" \/><div class=\"forminator-row forminator-row-last\"><div class=\"forminator-col\"><div class=\"forminator-field\"><button class=\"forminator-button forminator-button-submit\">Mesaj G&ouml;nder<\/button><\/div><\/div><\/div><input type=\"hidden\" id=\"forminator_nonce\" name=\"forminator_nonce\" value=\"a741f390aa\" \/><input type=\"hidden\" name=\"_wp_http_referer\" value=\"\/index.php\/wp-json\/wp\/v2\/pages\/1515\" \/><input type=\"hidden\" name=\"form_id\" value=\"1514\"><input type=\"hidden\" name=\"page_id\" value=\"1515\"><input type=\"hidden\" name=\"form_type\" value=\"default\"><input type=\"hidden\" name=\"current_url\" value=\"https:\/\/tekfenkoleji.k12.tr\/index.php\/ogretmen-cv\/\"><input type=\"hidden\" name=\"render_id\" value=\"0\"><input type=\"hidden\" name=\"action\" value=\"forminator_submit_form_custom-forms\"><\/form><\/div>\n\t\t\t\t\t\t<\/div>\n\t\t\t\t<\/div>\n\t\t\t\t\t<\/div>\n\t\t<\/div>\n\t\t\t\t\t<\/div>\n\t\t<\/section>\n\t\t\t\t<\/div>\n\t\t","protected":false},"excerpt":{"rendered":"<p>\u00d6\u011fretmen \u0130\u015f Ba\u015fvurusu<\/p>\n","protected":false},"author":1,"featured_media":0,"parent":0,"menu_order":0,"comment_status":"closed","ping_status":"closed","template":"","meta":{"footnotes":""},"class_list":["post-1515","page","type-page","status-publish","hentry"],"_links":{"self":[{"href":"https:\/\/tekfenkoleji.k12.tr\/index.php\/wp-json\/wp\/v2\/pages\/1515","targetHints":{"allow":["GET"]}}],"collection":[{"href":"https:\/\/tekfenkoleji.k12.tr\/index.php\/wp-json\/wp\/v2\/pages"}],"about":[{"href":"https:\/\/tekfenkoleji.k12.tr\/index.php\/wp-json\/wp\/v2\/types\/page"}],"author":[{"embeddable":true,"href":"https:\/\/tekfenkoleji.k12.tr\/index.php\/wp-json\/wp\/v2\/users\/1"}],"replies":[{"embeddable":true,"href":"https:\/\/tekfenkoleji.k12.tr\/index.php\/wp-json\/wp\/v2\/comments?post=1515"}],"version-history":[{"count":4,"href":"https:\/\/tekfenkoleji.k12.tr\/index.php\/wp-json\/wp\/v2\/pages\/1515\/revisions"}],"predecessor-version":[{"id":1519,"href":"https:\/\/tekfenkoleji.k12.tr\/index.php\/wp-json\/wp\/v2\/pages\/1515\/revisions\/1519"}],"wp:attachment":[{"href":"https:\/\/tekfenkoleji.k12.tr\/index.php\/wp-json\/wp\/v2\/media?parent=1515"}],"curies":[{"name":"wp","href":"https:\/\/api.w.org\/{rel}","templated":true}]}}