{"id":1560,"date":"2023-12-21T15:28:23","date_gmt":"2023-12-21T12:28:23","guid":{"rendered":"https:\/\/tekfenkoleji.k12.tr\/?page_id=1560"},"modified":"2023-12-21T16:05:47","modified_gmt":"2023-12-21T13:05:47","slug":"yurt-disi-egitim-danismanligi-2","status":"publish","type":"page","link":"https:\/\/tekfenkoleji.k12.tr\/index.php\/yurt-disi-egitim-danismanligi-2\/","title":{"rendered":"Yurt D\u0131\u015f\u0131 E\u011fitim Dan\u0131\u015fmanl\u0131\u011f\u0131"},"content":{"rendered":"\t\t<div data-elementor-type=\"wp-page\" data-elementor-id=\"1560\" class=\"elementor elementor-1560\">\n\t\t\t\t\t\t<section class=\"elementor-section elementor-top-section elementor-element elementor-element-faba64b elementor-section-boxed elementor-section-height-default elementor-section-height-default\" data-id=\"faba64b\" data-element_type=\"section\">\n\t\t\t\t\t\t<div class=\"elementor-container elementor-column-gap-default\">\n\t\t\t\t\t<div class=\"aux-parallax-section elementor-column elementor-col-100 elementor-top-column elementor-element elementor-element-e11b766\" data-id=\"e11b766\" data-element_type=\"column\">\n\t\t\t<div class=\"elementor-widget-wrap elementor-element-populated\">\n\t\t\t\t\t\t<div class=\"elementor-element elementor-element-296e846 elementor-widget elementor-widget-spacer\" data-id=\"296e846\" data-element_type=\"widget\" data-widget_type=\"spacer.default\">\n\t\t\t\t<div class=\"elementor-widget-container\">\n\t\t\t\t\t\t\t<div class=\"elementor-spacer\">\n\t\t\t<div class=\"elementor-spacer-inner\"><\/div>\n\t\t<\/div>\n\t\t\t\t\t\t<\/div>\n\t\t\t\t<\/div>\n\t\t\t\t\t<\/div>\n\t\t<\/div>\n\t\t\t\t\t<\/div>\n\t\t<\/section>\n\t\t\t\t<section class=\"elementor-section elementor-top-section elementor-element elementor-element-c527124 elementor-section-boxed elementor-section-height-default elementor-section-height-default\" data-id=\"c527124\" data-element_type=\"section\">\n\t\t\t\t\t\t<div class=\"elementor-container elementor-column-gap-default\">\n\t\t\t\t\t<div class=\"aux-parallax-section elementor-column elementor-col-100 elementor-top-column elementor-element elementor-element-6ebcf57\" data-id=\"6ebcf57\" data-element_type=\"column\">\n\t\t\t<div class=\"elementor-widget-wrap elementor-element-populated\">\n\t\t\t\t\t\t<div class=\"elementor-element elementor-element-9f63c9e elementor-widget elementor-widget-aux_modern_heading\" data-id=\"9f63c9e\" data-element_type=\"widget\" data-widget_type=\"aux_modern_heading.default\">\n\t\t\t\t<div class=\"elementor-widget-container\">\n\t\t\t\t\t<section class=\"aux-widget-modern-heading\">\n            <div class=\"aux-widget-inner\"><h2 class=\"aux-modern-heading-primary\">Yurt D\u0131\u015f\u0131 E\u011fitim Dan\u0131\u015fmanl\u0131\u011f\u0131<\/h2><div class=\"aux-modern-heading-divider\"><\/div><\/div>\n        <\/section>\t\t\t\t<\/div>\n\t\t\t\t<\/div>\n\t\t\t\t\t<\/div>\n\t\t<\/div>\n\t\t\t\t\t<\/div>\n\t\t<\/section>\n\t\t\t\t<section class=\"elementor-section elementor-top-section elementor-element elementor-element-f5e1776 elementor-section-boxed elementor-section-height-default elementor-section-height-default\" data-id=\"f5e1776\" data-element_type=\"section\">\n\t\t\t\t\t\t<div class=\"elementor-container elementor-column-gap-default\">\n\t\t\t\t\t<div class=\"aux-parallax-section elementor-column elementor-col-100 elementor-top-column elementor-element elementor-element-ddc74de\" data-id=\"ddc74de\" data-element_type=\"column\">\n\t\t\t<div class=\"elementor-widget-wrap elementor-element-populated\">\n\t\t\t\t\t\t<div class=\"elementor-element elementor-element-8fd6b42 elementor-widget elementor-widget-spacer\" data-id=\"8fd6b42\" data-element_type=\"widget\" data-widget_type=\"spacer.default\">\n\t\t\t\t<div class=\"elementor-widget-container\">\n\t\t\t\t\t\t\t<div class=\"elementor-spacer\">\n\t\t\t<div class=\"elementor-spacer-inner\"><\/div>\n\t\t<\/div>\n\t\t\t\t\t\t<\/div>\n\t\t\t\t<\/div>\n\t\t\t\t\t<\/div>\n\t\t<\/div>\n\t\t\t\t\t<\/div>\n\t\t<\/section>\n\t\t\t\t<section class=\"elementor-section elementor-top-section elementor-element elementor-element-9f1bb06 elementor-section-boxed elementor-section-height-default elementor-section-height-default\" data-id=\"9f1bb06\" data-element_type=\"section\">\n\t\t\t\t\t\t<div class=\"elementor-container elementor-column-gap-default\">\n\t\t\t\t\t<div class=\"aux-parallax-section elementor-column elementor-col-33 elementor-top-column elementor-element elementor-element-8782db0\" data-id=\"8782db0\" data-element_type=\"column\">\n\t\t\t<div class=\"elementor-widget-wrap elementor-element-populated\">\n\t\t\t\t\t\t<div class=\"elementor-element elementor-element-5892476 elementor-widget elementor-widget-image\" data-id=\"5892476\" data-element_type=\"widget\" data-widget_type=\"image.default\">\n\t\t\t\t<div class=\"elementor-widget-container\">\n\t\t\t\t\t\t\t\t\t\t\t\t\t\t\t<img decoding=\"async\" src=\"https:\/\/tekfenkoleji.k12.tr\/wp-content\/uploads\/elementor\/thumbs\/yurt-disi-egitim-dan-qh50jcfyfeju7sq85fwmecvzwky3rkqw84jorf831g.jpg\" title=\"yurt d\u0131\u015f\u0131 e\u011fitim dan\" alt=\"yurt d\u0131\u015f\u0131 e\u011fitim dan\" loading=\"lazy\" \/>\t\t\t\t\t\t\t\t\t\t\t\t\t\t\t<\/div>\n\t\t\t\t<\/div>\n\t\t\t\t\t<\/div>\n\t\t<\/div>\n\t\t\t\t<div class=\"aux-parallax-section elementor-column elementor-col-66 elementor-top-column elementor-element elementor-element-a6a9ff4\" data-id=\"a6a9ff4\" data-element_type=\"column\">\n\t\t\t<div class=\"elementor-widget-wrap elementor-element-populated\">\n\t\t\t\t\t\t<div class=\"elementor-element elementor-element-1af0b90 elementor-widget elementor-widget-text-editor\" data-id=\"1af0b90\" data-element_type=\"widget\" data-widget_type=\"text-editor.default\">\n\t\t\t\t<div class=\"elementor-widget-container\">\n\t\t\t\t\t\t\t\t\t<p>TEKFEN E\u011e\u0130T\u0130M KURUMLARI, KURULDU\u011eU G\u00dcN \u0130T\u0130BAR\u0130YLE B\u0130R CES (CAMBR\u0130DGE EDUCAT\u0130ONAL SCHOOL) CAMBR\u0130DGE \u00dcN\u0130VERS\u0130TES\u0130N\u0130N AKRED\u0130TE ETT\u0130\u011e\u0130 B\u0130R E\u011e\u0130T\u0130M KURUMUDUR. BU SAYEDE YABANCI D\u0130L M\u00dcFREDAT VE MATERYAL DESTE\u011e\u0130 KURUMUMUZA CAMBR\u0130DGE \u00dcN\u0130VERS\u0130TES\u0130 TARAFINDAN SA\u011eLANMAKTADIR.<\/p><p>AYNI ZAMANDA TOEFL RESM\u0130 TEMS\u0130LC\u0130S\u0130D\u0130R. \u0130LKOKUL 3. SINIFTA (TEOFL PR\u0130MARY), 7. SINIFTA (TOEFL JUN\u0130OR), L\u0130SE 2. SINIFTA \u0130SE TOEFL(ITP-\u0130NST\u0130TUT\u0130ONAL TOEFL) SERT\u0130F\u0130KASI VERMEKTED\u0130R. \u00d6ZELL\u0130KLE ITP SERT\u0130F\u0130KASI SAYES\u0130NDE \u00d6\u011eRENC\u0130LER\u0130M\u0130Z T\u00dcRK\u0130YE\u2019DE \u00d6ZEL VE YA DEVLET HANG\u0130 \u00dcN\u0130VERS\u0130TE\u2019DE OKURSA OKUSUNLAR HAZIRLIK SINIFI OKUMADAN D\u0130REK \u00dcN\u0130VERS\u0130TE 1. SINIFA GE\u00c7\u0130\u015e \u015eANSINA SAH\u0130P OLMAKTADIR.\u00a0<\/p><p>TEKFEN E\u011eT\u0130M KURUMLARI ISE-USA \u2018NIN T\u00dcRK\u0130YE TEMS\u0130LC\u0130S\u0130D\u0130R. BU ANLA\u015eMA SAYES\u0130NDE D\u0130LEYEN T\u00dcM \u00d6\u011eRENC\u0130LER\u0130M\u0130Z AYNI E\u011e\u0130T\u0130M \u00dcCRET\u0130YLE\u00a0 L\u0130SE ARA VE YA SON SINIFLARINI 15 \u00dcLKEDE(ABD., KANADA, \u0130NG\u0130LTERE, AVUSTRALYA, YEN\u0130 ZELANDA, \u0130RLANDA, FRANSA, \u0130TALYA, \u0130SPANYA, ALMANYA, BEL\u00c7\u0130KA, ARJANT\u0130N, BREZ\u0130LYA, EKVATOR, \u015e\u0130L\u0130)\u2019DE OKUMA VE \u00c7\u0130FT L\u0130SE D\u0130PLOMASI \u0130LE MEZUN OLMA \u0130MKANINA SAH\u0130PT\u0130RLER.\u00a0\u00a0<\/p><p>TEKFEN E\u011e\u0130T\u0130M KURUMLARINDA YABANCI D\u0130L PROGRAM SAATLER\u0130<\/p><p>T\u00dcRK\u0130YE\u2019DE TEKFEN\u2019DE (1. SINIFTAN 6. SINIFIN SONUNA KADAR <strong>4100 SAAT EN YO\u011eUN YABANCI D\u0130L PROGRAM SAAT\u0130)<\/strong><\/p><p><strong>\u0130LKOKUL KADEMES\u0130,<\/strong><\/p><p><strong>Anaokulunda<\/strong> haftada 8 saat \u0130ngilizce (2 saat native speaker,6 saat T\u00fcrk, \u0130ngilizce \u00f6\u011fretmeni)+2 saat \u0130spanyolca toplam = 10 saat<\/p><p><strong>1.s\u0131n\u0131fta<\/strong> haftada 10 saat \u0130ngilizce (2 saat native speaker,8 saat T\u00fcrk ,\u0130ngilizce \u00f6\u011fretmeni)+2 saat \u0130spanyolca toplam = 12 saat<\/p><ol start=\"2\"><li><strong> s\u0131n\u0131fta<\/strong> haftada 10 saat \u0130ngilizce (2 saat native speaker,8 saat T\u00fcrk, \u0130ngilizce \u00f6\u011fretmeni)+2 saat \u0130spanyolca toplam = 12 saat<\/li><li><strong> s\u0131n\u0131fta<\/strong> haftada 10 saat \u0130ngilizce (4 saat native speaker,6 saat T\u00fcrk, \u0130ngilizce \u00f6\u011fretmeni)+2 saat \u0130spanyolca toplam = 12 saat<\/li><li><strong> s\u0131n\u0131fta<\/strong> haftada 12 saat \u0130ngilizce (2 saat native speaker,10 saat T\u00fcrk, \u0130ngilizce \u00f6\u011fretmeni)+2 saat \u0130spanyolca toplam = 14 saat<\/li><\/ol>\t\t\t\t\t\t\t\t<\/div>\n\t\t\t\t<\/div>\n\t\t\t\t\t<\/div>\n\t\t<\/div>\n\t\t\t\t\t<\/div>\n\t\t<\/section>\n\t\t\t\t<\/div>\n\t\t","protected":false},"excerpt":{"rendered":"<p>Yurt D\u0131\u015f\u0131 E\u011fitim Dan\u0131\u015fmanl\u0131\u011f\u0131 TEKFEN E\u011e\u0130T\u0130M KURUMLARI, KURULDU\u011eU G\u00dcN \u0130T\u0130BAR\u0130YLE B\u0130R CES (CAMBR\u0130DGE EDUCAT\u0130ONAL SCHOOL) CAMBR\u0130DGE \u00dcN\u0130VERS\u0130TES\u0130N\u0130N AKRED\u0130TE ETT\u0130\u011e\u0130 B\u0130R E\u011e\u0130T\u0130M KURUMUDUR. BU SAYEDE YABANCI D\u0130L M\u00dcFREDAT VE MATERYAL DESTE\u011e\u0130 KURUMUMUZA CAMBR\u0130DGE \u00dcN\u0130VERS\u0130TES\u0130 TARAFINDAN SA\u011eLANMAKTADIR. AYNI ZAMANDA TOEFL RESM\u0130 TEMS\u0130LC\u0130S\u0130D\u0130R. \u0130LKOKUL 3. SINIFTA (TEOFL PR\u0130MARY), 7. SINIFTA (TOEFL JUN\u0130OR), L\u0130SE 2. SINIFTA \u0130SE TOEFL(ITP-\u0130NST\u0130TUT\u0130ONAL TOEFL) [&hellip;]<\/p>\n","protected":false},"author":1,"featured_media":0,"parent":0,"menu_order":0,"comment_status":"closed","ping_status":"closed","template":"","meta":{"footnotes":""},"class_list":["post-1560","page","type-page","status-publish","hentry"],"_links":{"self":[{"href":"https:\/\/tekfenkoleji.k12.tr\/index.php\/wp-json\/wp\/v2\/pages\/1560","targetHints":{"allow":["GET"]}}],"collection":[{"href":"https:\/\/tekfenkoleji.k12.tr\/index.php\/wp-json\/wp\/v2\/pages"}],"about":[{"href":"https:\/\/tekfenkoleji.k12.tr\/index.php\/wp-json\/wp\/v2\/types\/page"}],"author":[{"embeddable":true,"href":"https:\/\/tekfenkoleji.k12.tr\/index.php\/wp-json\/wp\/v2\/users\/1"}],"replies":[{"embeddable":true,"href":"https:\/\/tekfenkoleji.k12.tr\/index.php\/wp-json\/wp\/v2\/comments?post=1560"}],"version-history":[{"count":4,"href":"https:\/\/tekfenkoleji.k12.tr\/index.php\/wp-json\/wp\/v2\/pages\/1560\/revisions"}],"predecessor-version":[{"id":1566,"href":"https:\/\/tekfenkoleji.k12.tr\/index.php\/wp-json\/wp\/v2\/pages\/1560\/revisions\/1566"}],"wp:attachment":[{"href":"https:\/\/tekfenkoleji.k12.tr\/index.php\/wp-json\/wp\/v2\/media?parent=1560"}],"curies":[{"name":"wp","href":"https:\/\/api.w.org\/{rel}","templated":true}]}}