{"id":1567,"date":"2023-12-21T16:17:58","date_gmt":"2023-12-21T13:17:58","guid":{"rendered":"https:\/\/tekfenkoleji.k12.tr\/?page_id=1567"},"modified":"2023-12-21T16:20:22","modified_gmt":"2023-12-21T13:20:22","slug":"tde-tekfen-teknoloji-destekli-egitim","status":"publish","type":"page","link":"https:\/\/tekfenkoleji.k12.tr\/index.php\/tde-tekfen-teknoloji-destekli-egitim\/","title":{"rendered":"TDE (Tekfen Teknoloji Destekli E\u011fitim)"},"content":{"rendered":"\t\t<div data-elementor-type=\"wp-page\" data-elementor-id=\"1567\" class=\"elementor elementor-1567\">\n\t\t\t\t\t\t<section class=\"elementor-section elementor-top-section elementor-element elementor-element-faba64b elementor-section-boxed elementor-section-height-default elementor-section-height-default\" data-id=\"faba64b\" data-element_type=\"section\">\n\t\t\t\t\t\t<div class=\"elementor-container elementor-column-gap-default\">\n\t\t\t\t\t<div class=\"aux-parallax-section elementor-column elementor-col-100 elementor-top-column elementor-element elementor-element-e11b766\" data-id=\"e11b766\" data-element_type=\"column\">\n\t\t\t<div class=\"elementor-widget-wrap elementor-element-populated\">\n\t\t\t\t\t\t<div class=\"elementor-element elementor-element-296e846 elementor-widget elementor-widget-spacer\" data-id=\"296e846\" data-element_type=\"widget\" data-widget_type=\"spacer.default\">\n\t\t\t\t<div class=\"elementor-widget-container\">\n\t\t\t\t\t\t\t<div class=\"elementor-spacer\">\n\t\t\t<div class=\"elementor-spacer-inner\"><\/div>\n\t\t<\/div>\n\t\t\t\t\t\t<\/div>\n\t\t\t\t<\/div>\n\t\t\t\t\t<\/div>\n\t\t<\/div>\n\t\t\t\t\t<\/div>\n\t\t<\/section>\n\t\t\t\t<section class=\"elementor-section elementor-top-section elementor-element elementor-element-c527124 elementor-section-boxed elementor-section-height-default elementor-section-height-default\" data-id=\"c527124\" data-element_type=\"section\">\n\t\t\t\t\t\t<div class=\"elementor-container elementor-column-gap-default\">\n\t\t\t\t\t<div class=\"aux-parallax-section elementor-column elementor-col-100 elementor-top-column elementor-element elementor-element-6ebcf57\" data-id=\"6ebcf57\" data-element_type=\"column\">\n\t\t\t<div class=\"elementor-widget-wrap elementor-element-populated\">\n\t\t\t\t\t\t<div class=\"elementor-element elementor-element-9f63c9e elementor-widget elementor-widget-aux_modern_heading\" data-id=\"9f63c9e\" data-element_type=\"widget\" data-widget_type=\"aux_modern_heading.default\">\n\t\t\t\t<div class=\"elementor-widget-container\">\n\t\t\t\t\t<section class=\"aux-widget-modern-heading\">\n            <div class=\"aux-widget-inner\"><h2 class=\"aux-modern-heading-primary\">TDE (TEKFEN TEKNOLOJ\u0130 DESTEKL\u0130 E\u011e\u0130T\u0130M)<\/h2><div class=\"aux-modern-heading-divider\"><\/div><\/div>\n        <\/section>\t\t\t\t<\/div>\n\t\t\t\t<\/div>\n\t\t\t\t\t<\/div>\n\t\t<\/div>\n\t\t\t\t\t<\/div>\n\t\t<\/section>\n\t\t\t\t<section class=\"elementor-section elementor-top-section elementor-element elementor-element-f5e1776 elementor-section-boxed elementor-section-height-default elementor-section-height-default\" data-id=\"f5e1776\" data-element_type=\"section\">\n\t\t\t\t\t\t<div class=\"elementor-container elementor-column-gap-default\">\n\t\t\t\t\t<div class=\"aux-parallax-section elementor-column elementor-col-100 elementor-top-column elementor-element elementor-element-ddc74de\" data-id=\"ddc74de\" data-element_type=\"column\">\n\t\t\t<div class=\"elementor-widget-wrap elementor-element-populated\">\n\t\t\t\t\t\t<div class=\"elementor-element elementor-element-8fd6b42 elementor-widget elementor-widget-spacer\" data-id=\"8fd6b42\" data-element_type=\"widget\" data-widget_type=\"spacer.default\">\n\t\t\t\t<div class=\"elementor-widget-container\">\n\t\t\t\t\t\t\t<div class=\"elementor-spacer\">\n\t\t\t<div class=\"elementor-spacer-inner\"><\/div>\n\t\t<\/div>\n\t\t\t\t\t\t<\/div>\n\t\t\t\t<\/div>\n\t\t\t\t\t<\/div>\n\t\t<\/div>\n\t\t\t\t\t<\/div>\n\t\t<\/section>\n\t\t\t\t<section class=\"elementor-section elementor-top-section elementor-element elementor-element-9f1bb06 elementor-section-boxed elementor-section-height-default elementor-section-height-default\" data-id=\"9f1bb06\" data-element_type=\"section\">\n\t\t\t\t\t\t<div class=\"elementor-container elementor-column-gap-default\">\n\t\t\t\t\t<div class=\"aux-parallax-section elementor-column elementor-col-33 elementor-top-column elementor-element elementor-element-8782db0\" data-id=\"8782db0\" data-element_type=\"column\">\n\t\t\t<div class=\"elementor-widget-wrap elementor-element-populated\">\n\t\t\t\t\t\t<div class=\"elementor-element elementor-element-5892476 elementor-widget elementor-widget-image\" data-id=\"5892476\" data-element_type=\"widget\" data-widget_type=\"image.default\">\n\t\t\t\t<div class=\"elementor-widget-container\">\n\t\t\t\t\t\t\t\t\t\t\t\t\t\t\t<img decoding=\"async\" src=\"https:\/\/tekfenkoleji.k12.tr\/wp-content\/uploads\/elementor\/thumbs\/lego-banner-qh518kg1td1z282vd8djic0960ydecwtsqhzba1big.jpg\" title=\"lego banner\" alt=\"lego banner\" loading=\"lazy\" \/>\t\t\t\t\t\t\t\t\t\t\t\t\t\t\t<\/div>\n\t\t\t\t<\/div>\n\t\t\t\t\t<\/div>\n\t\t<\/div>\n\t\t\t\t<div class=\"aux-parallax-section elementor-column elementor-col-66 elementor-top-column elementor-element elementor-element-a6a9ff4\" data-id=\"a6a9ff4\" data-element_type=\"column\">\n\t\t\t<div class=\"elementor-widget-wrap elementor-element-populated\">\n\t\t\t\t\t\t<div class=\"elementor-element elementor-element-1af0b90 elementor-widget elementor-widget-text-editor\" data-id=\"1af0b90\" data-element_type=\"widget\" data-widget_type=\"text-editor.default\">\n\t\t\t\t<div class=\"elementor-widget-container\">\n\t\t\t\t\t\t\t\t\t<p>Kurumumuz ad\u0131ndan da anla\u015f\u0131laca\u011f\u0131 gibi, Teknoloji ve Fen 21. y\u00fczy\u0131l\u0131n en \u00f6nemli unsurlar\u0131d\u0131r. Kurumumuzda bunun bilincinde okulumuz \u00a0e\u011fitim modelini Teknoloji ve Fen \u00fczerine kurmu\u015ftur. Bu ba\u011flamda T\u00fcrkiye\u2019de bir\u00e7ok ilk \u201cT\u00dcRK\u0130YE\u2019DE TEK TEKFEN\u2019DED\u0130R\u201d.<\/p><p>*\u0130lkokul 1. s\u0131n\u0131ftan lise son s\u0131n\u0131fa kadar zorunlu kodlama dersleri.<\/p><p>*VR CLASS(sanal ger\u00e7eklik s\u0131n\u0131flar\u0131) ve VR-CLASS T\u00fcrkiye temsilcisi.<\/p><p>\u00a0*Anaokulu ve ilkokulda LEGO BOOST, ortaokul ve lise LEGO ROBOT\u0130X<\/p><p>*3D destekli ak\u0131ll\u0131 tahta e\u011fitim s\u0131n\u0131flar\u0131<\/p><p>T\u00fcm bu e\u011fitim programlar\u0131 sayesinde \u00f6\u011frencimiz okulumuzdan mezun oldu\u011fundan \u00a0C++ bilgisayar program yaz\u0131l\u0131m altyap\u0131s\u0131 sayesinde program yazabilecek ve T\u00fcrkiye\u2019de e\u011fitim sisteminde yeni bir d\u00f6nem \u201cTEKFEN E\u011e\u0130T\u0130M KURUMLARI \u201csayesinde ba\u015flayacakt\u0131r.<\/p>\t\t\t\t\t\t\t\t<\/div>\n\t\t\t\t<\/div>\n\t\t\t\t\t<\/div>\n\t\t<\/div>\n\t\t\t\t\t<\/div>\n\t\t<\/section>\n\t\t\t\t<\/div>\n\t\t","protected":false},"excerpt":{"rendered":"<p>TDE (TEKFEN TEKNOLOJ\u0130 DESTEKL\u0130 E\u011e\u0130T\u0130M) Kurumumuz ad\u0131ndan da anla\u015f\u0131laca\u011f\u0131 gibi, Teknoloji ve Fen 21. y\u00fczy\u0131l\u0131n en \u00f6nemli unsurlar\u0131d\u0131r. Kurumumuzda bunun bilincinde okulumuz \u00a0e\u011fitim modelini Teknoloji ve Fen \u00fczerine kurmu\u015ftur. Bu ba\u011flamda T\u00fcrkiye\u2019de bir\u00e7ok ilk \u201cT\u00dcRK\u0130YE\u2019DE TEK TEKFEN\u2019DED\u0130R\u201d. *\u0130lkokul 1. s\u0131n\u0131ftan lise son s\u0131n\u0131fa kadar zorunlu kodlama dersleri. *VR CLASS(sanal ger\u00e7eklik s\u0131n\u0131flar\u0131) ve VR-CLASS T\u00fcrkiye temsilcisi. [&hellip;]<\/p>\n","protected":false},"author":1,"featured_media":0,"parent":0,"menu_order":0,"comment_status":"closed","ping_status":"closed","template":"","meta":{"footnotes":""},"class_list":["post-1567","page","type-page","status-publish","hentry"],"_links":{"self":[{"href":"https:\/\/tekfenkoleji.k12.tr\/index.php\/wp-json\/wp\/v2\/pages\/1567","targetHints":{"allow":["GET"]}}],"collection":[{"href":"https:\/\/tekfenkoleji.k12.tr\/index.php\/wp-json\/wp\/v2\/pages"}],"about":[{"href":"https:\/\/tekfenkoleji.k12.tr\/index.php\/wp-json\/wp\/v2\/types\/page"}],"author":[{"embeddable":true,"href":"https:\/\/tekfenkoleji.k12.tr\/index.php\/wp-json\/wp\/v2\/users\/1"}],"replies":[{"embeddable":true,"href":"https:\/\/tekfenkoleji.k12.tr\/index.php\/wp-json\/wp\/v2\/comments?post=1567"}],"version-history":[{"count":4,"href":"https:\/\/tekfenkoleji.k12.tr\/index.php\/wp-json\/wp\/v2\/pages\/1567\/revisions"}],"predecessor-version":[{"id":1572,"href":"https:\/\/tekfenkoleji.k12.tr\/index.php\/wp-json\/wp\/v2\/pages\/1567\/revisions\/1572"}],"wp:attachment":[{"href":"https:\/\/tekfenkoleji.k12.tr\/index.php\/wp-json\/wp\/v2\/media?parent=1567"}],"curies":[{"name":"wp","href":"https:\/\/api.w.org\/{rel}","templated":true}]}}