{"id":722,"date":"2023-11-02T09:41:58","date_gmt":"2023-11-02T06:41:58","guid":{"rendered":"https:\/\/tekfenkoleji.k12.tr\/?page_id=722"},"modified":"2025-11-24T14:38:02","modified_gmt":"2025-11-24T11:38:02","slug":"kurucumuz","status":"publish","type":"page","link":"https:\/\/tekfenkoleji.k12.tr\/index.php\/kurucumuz\/","title":{"rendered":"Kurucumuz"},"content":{"rendered":"\t\t<div data-elementor-type=\"wp-page\" data-elementor-id=\"722\" class=\"elementor elementor-722\">\n\t\t\t\t\t\t<section class=\"elementor-section elementor-top-section elementor-element elementor-element-7f8fd4d elementor-section-boxed elementor-section-height-default elementor-section-height-default\" data-id=\"7f8fd4d\" data-element_type=\"section\">\n\t\t\t\t\t\t<div class=\"elementor-container elementor-column-gap-default\">\n\t\t\t\t\t<div class=\"aux-parallax-section elementor-column elementor-col-100 elementor-top-column elementor-element elementor-element-7116206\" data-id=\"7116206\" data-element_type=\"column\">\n\t\t\t<div class=\"elementor-widget-wrap elementor-element-populated\">\n\t\t\t\t\t\t<div class=\"elementor-element elementor-element-ca09f5f elementor-widget elementor-widget-spacer\" data-id=\"ca09f5f\" data-element_type=\"widget\" data-widget_type=\"spacer.default\">\n\t\t\t\t<div class=\"elementor-widget-container\">\n\t\t\t\t\t\t\t<div class=\"elementor-spacer\">\n\t\t\t<div class=\"elementor-spacer-inner\"><\/div>\n\t\t<\/div>\n\t\t\t\t\t\t<\/div>\n\t\t\t\t<\/div>\n\t\t\t\t\t<\/div>\n\t\t<\/div>\n\t\t\t\t\t<\/div>\n\t\t<\/section>\n\t\t\t\t<section class=\"elementor-section elementor-top-section elementor-element elementor-element-a979737 elementor-section-boxed elementor-section-height-default elementor-section-height-default\" data-id=\"a979737\" data-element_type=\"section\">\n\t\t\t\t\t\t<div class=\"elementor-container elementor-column-gap-default\">\n\t\t\t\t\t<div class=\"aux-parallax-section elementor-column elementor-col-33 elementor-top-column elementor-element elementor-element-42d561e\" data-id=\"42d561e\" data-element_type=\"column\">\n\t\t\t<div class=\"elementor-widget-wrap elementor-element-populated\">\n\t\t\t\t\t\t<div class=\"elementor-element elementor-element-852e938 elementor-widget elementor-widget-image\" data-id=\"852e938\" data-element_type=\"widget\" data-widget_type=\"image.default\">\n\t\t\t\t<div class=\"elementor-widget-container\">\n\t\t\t\t\t\t\t\t\t\t\t\t\t\t\t<img fetchpriority=\"high\" decoding=\"async\" width=\"470\" height=\"305\" src=\"https:\/\/tekfenkoleji.k12.tr\/wp-content\/uploads\/2023\/11\/kurucu.jpg\" class=\"attachment-large size-large wp-image-724\" alt=\"\" srcset=\"https:\/\/tekfenkoleji.k12.tr\/wp-content\/uploads\/2023\/11\/kurucu.jpg 470w, https:\/\/tekfenkoleji.k12.tr\/wp-content\/uploads\/2023\/11\/kurucu-200x130.jpg 200w\" sizes=\"(max-width: 470px) 100vw, 470px\" \/>\t\t\t\t\t\t\t\t\t\t\t\t\t\t\t<\/div>\n\t\t\t\t<\/div>\n\t\t\t\t\t<\/div>\n\t\t<\/div>\n\t\t\t\t<div class=\"aux-parallax-section elementor-column elementor-col-66 elementor-top-column elementor-element elementor-element-2fbab9c\" data-id=\"2fbab9c\" data-element_type=\"column\">\n\t\t\t<div class=\"elementor-widget-wrap elementor-element-populated\">\n\t\t\t\t\t\t<div class=\"elementor-element elementor-element-aac433b elementor-widget elementor-widget-aux_modern_heading\" data-id=\"aac433b\" data-element_type=\"widget\" data-widget_type=\"aux_modern_heading.default\">\n\t\t\t\t<div class=\"elementor-widget-container\">\n\t\t\t\t\t<section class=\"aux-widget-modern-heading\">\n            <div class=\"aux-widget-inner\"><h5 class=\"aux-modern-heading-primary\">Kurucumuz: <BR>\nTolga Kaz\u0131m \u00d6ZSOY<\/h5><div class=\"aux-modern-heading-divider\"><\/div><\/div>\n        <\/section>\t\t\t\t<\/div>\n\t\t\t\t<\/div>\n\t\t\t\t<div class=\"elementor-element elementor-element-530913e elementor-widget elementor-widget-text-editor\" data-id=\"530913e\" data-element_type=\"widget\" data-widget_type=\"text-editor.default\">\n\t\t\t\t<div class=\"elementor-widget-container\">\n\t\t\t\t\t\t\t\t\t<p>1971 y\u0131l\u0131nda \u0130stanbul\u2019da do\u011fdu. \u0130lkokulu \u00c7apa ilkokulunda, Ortaokulu Saint Benoit Frans\u0131z Ortaokulunda, Liseyi Saint Benoit Frans\u0131z lisesinde tamamlad\u0131. Bu s\u00fcre\u00e7te e\u015fzamanl\u0131 olarak 6 y\u0131l \u0130stanbul belediye konservatuvar\u0131 piyano b\u00f6l\u00fcm\u00fcne devam etmi\u015ftir. Ortaokul ve Lise y\u0131llar\u0131nda her yaz Fransa\u2019n\u0131n Nice \u015fehrinde \u201cAlliance Fran\u00e7aise \u201c kurslar\u0131na devam etmi\u015f ve \u201chonorable\u201d dereceyle sertifika almaya hak kazanm\u0131\u015ft\u0131r. Lise mezuniyetinden sonra ABD \u2013 CSUN (California State University Northridge) \u00fcniversitesinde 1 y\u0131l \u0130ngilizce dil haz\u0131rl\u0131k e\u011fitimi alm\u0131\u015ft\u0131r. \u00dcniversite e\u011fitimini \u0130svi\u00e7re\u2019de Schiller \u0130nternational University Uluslararas\u0131 i\u015fletme b\u00f6l\u00fcm\u00fcnde tamamlam\u0131\u015ft\u0131r. Sonras\u0131nda Ohio Eyalet \u00dcniversitesinde 3,5 y\u0131l \u0130nteractive Technology of Education (etkile\u015fimli e\u011fitim teknolojileri) dal\u0131nda 23 eyalette ara\u015ft\u0131rmalar yapm\u0131\u015ft\u0131r.<br \/>T\u00fcrkiye\u2019ye d\u00f6nd\u00fckten sonra 20 y\u0131l s\u00fcresince \u0130stanbul ve \u0130zmir\u2019de kurucu, kurucu temsilcili\u011fi ve genel m\u00fcd\u00fcr pozisyonunda \u00fcst d\u00fczey y\u00f6netici olarak \u00e7al\u0131\u015fm\u0131\u015ft\u0131r. \u0130stanbul ve \u0130zmir\u2019de bir\u00e7ok \u00f6zel okul onun \u00f6nderli\u011finde kurulmu\u015f ve halen bir\u00e7ok \u00f6zel okulda onun olu\u015fturdu\u011fu sistem ve programlar uygulanmaktad\u0131r.<br \/>\u201c\u00d6zel okulculuk ve e\u011fitim, e\u011fitimcilerin i\u015fidir.\u201d felsefesi \u00d6zel Tekfen E\u011fitim Kurumlar\u0131n\u0131n temel felsefesidir. \u0130\u015fte bu ba\u011flamda \u00d6zel Tekfen E\u011fitim Kurumlar\u0131 ge\u00e7mi\u015finde uzun y\u0131llar \u00f6zel okulculuk ve e\u011fitim tecr\u00fcbesini bar\u0131nd\u0131ran, sermayesi ve tecr\u00fcbesi tamamen \u00f6zel okulcu ve e\u011fitimci olan\u00a0bir\u00a0olu\u015fumdur.<\/p>\t\t\t\t\t\t\t\t<\/div>\n\t\t\t\t<\/div>\n\t\t\t\t\t<\/div>\n\t\t<\/div>\n\t\t\t\t\t<\/div>\n\t\t<\/section>\n\t\t\t\t<\/div>\n\t\t","protected":false},"excerpt":{"rendered":"<p>Kurucumuz: Tolga Kaz\u0131m \u00d6ZSOY 1971 y\u0131l\u0131nda \u0130stanbul\u2019da do\u011fdu. \u0130lkokulu \u00c7apa ilkokulunda, Ortaokulu Saint Benoit Frans\u0131z Ortaokulunda, Liseyi Saint Benoit Frans\u0131z lisesinde tamamlad\u0131. Bu s\u00fcre\u00e7te e\u015fzamanl\u0131 olarak 6 y\u0131l \u0130stanbul belediye konservatuvar\u0131 piyano b\u00f6l\u00fcm\u00fcne devam etmi\u015ftir. Ortaokul ve Lise y\u0131llar\u0131nda her yaz Fransa\u2019n\u0131n Nice \u015fehrinde \u201cAlliance Fran\u00e7aise \u201c kurslar\u0131na devam etmi\u015f ve \u201chonorable\u201d dereceyle sertifika almaya [&hellip;]<\/p>\n","protected":false},"author":1,"featured_media":0,"parent":0,"menu_order":0,"comment_status":"closed","ping_status":"closed","template":"","meta":{"footnotes":""},"class_list":["post-722","page","type-page","status-publish","hentry"],"_links":{"self":[{"href":"https:\/\/tekfenkoleji.k12.tr\/index.php\/wp-json\/wp\/v2\/pages\/722","targetHints":{"allow":["GET"]}}],"collection":[{"href":"https:\/\/tekfenkoleji.k12.tr\/index.php\/wp-json\/wp\/v2\/pages"}],"about":[{"href":"https:\/\/tekfenkoleji.k12.tr\/index.php\/wp-json\/wp\/v2\/types\/page"}],"author":[{"embeddable":true,"href":"https:\/\/tekfenkoleji.k12.tr\/index.php\/wp-json\/wp\/v2\/users\/1"}],"replies":[{"embeddable":true,"href":"https:\/\/tekfenkoleji.k12.tr\/index.php\/wp-json\/wp\/v2\/comments?post=722"}],"version-history":[{"count":20,"href":"https:\/\/tekfenkoleji.k12.tr\/index.php\/wp-json\/wp\/v2\/pages\/722\/revisions"}],"predecessor-version":[{"id":2918,"href":"https:\/\/tekfenkoleji.k12.tr\/index.php\/wp-json\/wp\/v2\/pages\/722\/revisions\/2918"}],"wp:attachment":[{"href":"https:\/\/tekfenkoleji.k12.tr\/index.php\/wp-json\/wp\/v2\/media?parent=722"}],"curies":[{"name":"wp","href":"https:\/\/api.w.org\/{rel}","templated":true}]}}