{"id":774,"date":"2023-11-02T11:13:26","date_gmt":"2023-11-02T08:13:26","guid":{"rendered":"https:\/\/tekfenkoleji.k12.tr\/?page_id=774"},"modified":"2025-10-20T17:45:17","modified_gmt":"2025-10-20T14:45:17","slug":"idari-kadromuz","status":"publish","type":"page","link":"https:\/\/tekfenkoleji.k12.tr\/index.php\/idari-kadromuz\/","title":{"rendered":"\u0130dari Kadromuz"},"content":{"rendered":"\t\t<div data-elementor-type=\"wp-page\" data-elementor-id=\"774\" class=\"elementor elementor-774\">\n\t\t\t\t\t\t<section class=\"elementor-section elementor-top-section elementor-element elementor-element-6ce47d1 elementor-section-boxed elementor-section-height-default elementor-section-height-default\" data-id=\"6ce47d1\" data-element_type=\"section\">\n\t\t\t\t\t\t<div class=\"elementor-container elementor-column-gap-default\">\n\t\t\t\t\t<div class=\"aux-parallax-section elementor-column elementor-col-100 elementor-top-column elementor-element elementor-element-926f14f\" data-id=\"926f14f\" data-element_type=\"column\">\n\t\t\t<div class=\"elementor-widget-wrap elementor-element-populated\">\n\t\t\t\t\t\t<div class=\"elementor-element elementor-element-7319a1d elementor-widget elementor-widget-aux_modern_heading\" data-id=\"7319a1d\" data-element_type=\"widget\" data-widget_type=\"aux_modern_heading.default\">\n\t\t\t\t<div class=\"elementor-widget-container\">\n\t\t\t\t\t<section class=\"aux-widget-modern-heading\">\n            <div class=\"aux-widget-inner\"><h2 class=\"aux-modern-heading-primary\">\u0130dari Kadromuz<\/h2><div class=\"aux-modern-heading-divider\"><\/div><\/div>\n        <\/section>\t\t\t\t<\/div>\n\t\t\t\t<\/div>\n\t\t\t\t\t<\/div>\n\t\t<\/div>\n\t\t\t\t\t<\/div>\n\t\t<\/section>\n\t\t\t\t<section class=\"elementor-section elementor-top-section elementor-element elementor-element-1a1c038 elementor-section-boxed elementor-section-height-default elementor-section-height-default\" data-id=\"1a1c038\" data-element_type=\"section\">\n\t\t\t\t\t\t<div class=\"elementor-container elementor-column-gap-default\">\n\t\t\t\t\t<div class=\"aux-parallax-section elementor-column elementor-col-100 elementor-top-column elementor-element elementor-element-ad83ddb\" data-id=\"ad83ddb\" data-element_type=\"column\">\n\t\t\t<div class=\"elementor-widget-wrap elementor-element-populated\">\n\t\t\t\t\t\t<div class=\"elementor-element elementor-element-4b86b1a elementor-widget elementor-widget-spacer\" data-id=\"4b86b1a\" data-element_type=\"widget\" data-widget_type=\"spacer.default\">\n\t\t\t\t<div class=\"elementor-widget-container\">\n\t\t\t\t\t\t\t<div class=\"elementor-spacer\">\n\t\t\t<div class=\"elementor-spacer-inner\"><\/div>\n\t\t<\/div>\n\t\t\t\t\t\t<\/div>\n\t\t\t\t<\/div>\n\t\t\t\t\t<\/div>\n\t\t<\/div>\n\t\t\t\t\t<\/div>\n\t\t<\/section>\n\t\t\t\t<section class=\"elementor-section elementor-top-section elementor-element elementor-element-8bea3e3 elementor-section-boxed elementor-section-height-default elementor-section-height-default\" data-id=\"8bea3e3\" data-element_type=\"section\">\n\t\t\t\t\t\t<div class=\"elementor-container elementor-column-gap-default\">\n\t\t\t\t\t<div class=\"aux-parallax-section elementor-column elementor-col-33 elementor-top-column elementor-element elementor-element-456cba5\" data-id=\"456cba5\" data-element_type=\"column\">\n\t\t\t<div class=\"elementor-widget-wrap elementor-element-populated\">\n\t\t\t\t\t\t<div class=\"elementor-element elementor-element-9141b28 elementor-widget elementor-widget-aux_staff\" data-id=\"9141b28\" data-element_type=\"widget\" data-widget_type=\"aux_staff.default\">\n\t\t\t\t<div class=\"elementor-widget-container\">\n\t\t\t\t\t<section class=\"aux-wrap-style-simple widget-container aux-widget-staff aux-parent-au683b0949\">    <div class=\"aux-staff-container aux-staff-pos-top aux-staff-text-left aux-staff-text-dark \" >\n            <div class=\"aux-staff-header aux-staff-img-rect\">\n            <div class=\"aux-media-image\"><img fetchpriority=\"high\" decoding=\"async\" width=\"514\" height=\"400\" src=\"https:\/\/tekfenkoleji.k12.tr\/wp-content\/uploads\/2025\/10\/gamze.jpg\" alt=\"gamze\" data-ratio=\"1.29\" data-original-w=\"514\" \/><\/div>        <\/div>\n            <div class=\"aux-staff-content\">\n                        <h4 class=\"col-title\">GAMZE BAYINIR<\/h4>\n                        <h5 class=\"col-subtitle\">\u0130dari \u0130\u015fler M\u00fcd\u00fcr\u00fcm\u00fcz<\/h5>\n                        <div class=\"entry-content\">\n                                Pamukkale \u00dcniversitesi Tarih B\u00f6l\u00fcm\u00fcnden mezun olmu\u015ftur.\nFormasyon e\u011fitimini tamamlad\u0131ktan sonra \u00e7e\u015fitli e\u011fitim kurumlar\u0131nda Tarih \u00d6\u011fretmeni olarak g\u00f6rev yapm\u0131\u015ft\u0131r.\n2019 y\u0131l\u0131ndan bu yana idari i\u015fler kademesinde g\u00f6rev yapmaktad\u0131r.\n2025 y\u0131l\u0131nda Tekfen Koleji ailesine\u00a0kat\u0131lm\u0131\u015ft\u0131r.            <\/div>\n                    <\/div>\n\n    <\/div>\n\n\n<\/section><!-- widget-container -->\t\t\t\t<\/div>\n\t\t\t\t<\/div>\n\t\t\t\t\t<\/div>\n\t\t<\/div>\n\t\t\t\t<div class=\"aux-parallax-section elementor-column elementor-col-33 elementor-top-column elementor-element elementor-element-bc5d98d\" data-id=\"bc5d98d\" data-element_type=\"column\">\n\t\t\t<div class=\"elementor-widget-wrap elementor-element-populated\">\n\t\t\t\t\t\t<div class=\"elementor-element elementor-element-80aff61 elementor-widget elementor-widget-aux_staff\" data-id=\"80aff61\" data-element_type=\"widget\" data-widget_type=\"aux_staff.default\">\n\t\t\t\t<div class=\"elementor-widget-container\">\n\t\t\t\t\t<section class=\"aux-wrap-style-simple widget-container aux-widget-staff aux-parent-aud43f81f7\">    <div class=\"aux-staff-container aux-staff-pos-top aux-staff-text-left aux-staff-text-dark \" >\n            <div class=\"aux-staff-header aux-staff-img-rect\">\n            <div class=\"aux-media-image\"><img decoding=\"async\" width=\"1600\" height=\"1066\" src=\"https:\/\/tekfenkoleji.k12.tr\/wp-content\/uploads\/2023\/11\/WhatsApp-Image-2020-10-19-at-15.57.25.jpeg\" alt=\"WhatsApp-Image-2020-10-19-at-15.57.25\" data-ratio=\"1.5\" data-original-w=\"1600\" \/><\/div>        <\/div>\n            <div class=\"aux-staff-content\">\n                        <h4 class=\"col-title\">GAMZE YILDIRIM<\/h4>\n                        <h5 class=\"col-subtitle\">Halkla \u0130li\u015fkiler M\u00fcd\u00fcr\u00fcm\u00fcz<\/h5>\n                        <div class=\"entry-content\">\n                                2007 y\u0131l\u0131nda Eski\u015fehir \u00dcniversitesi \u0130\u015fletme b\u00f6l\u00fcm\u00fcnden mezun oldu.2005 y\u0131l\u0131ndan itibaren e\u011fitim sekt\u00f6r\u00fcnde \u00e7al\u0131\u015f\u0131p son 10 y\u0131l\u0131n\u0131 yabanc\u0131 dil kurumlarnda y\u00f6netici olarak g\u00f6rev ald\u0131. 2020 A\u011fustos ay\u0131ndan itibari ile Tekfen ailesine kat\u0131ld\u0131.            <\/div>\n                    <\/div>\n\n    <\/div>\n\n\n<\/section><!-- widget-container -->\t\t\t\t<\/div>\n\t\t\t\t<\/div>\n\t\t\t\t\t<\/div>\n\t\t<\/div>\n\t\t\t\t<div class=\"aux-parallax-section elementor-column elementor-col-33 elementor-top-column elementor-element elementor-element-a66a2e1\" data-id=\"a66a2e1\" data-element_type=\"column\">\n\t\t\t<div class=\"elementor-widget-wrap elementor-element-populated\">\n\t\t\t\t\t\t<div class=\"elementor-element elementor-element-fe2e398 elementor-widget elementor-widget-aux_staff\" data-id=\"fe2e398\" data-element_type=\"widget\" data-widget_type=\"aux_staff.default\">\n\t\t\t\t<div class=\"elementor-widget-container\">\n\t\t\t\t\t<section class=\"aux-wrap-style-simple widget-container aux-widget-staff aux-parent-au606aa128\">    <div class=\"aux-staff-container aux-staff-pos-top aux-staff-text-left aux-staff-text-dark \" >\n            <div class=\"aux-staff-header aux-staff-img-rect\">\n            <div class=\"aux-media-image\"><img decoding=\"async\" width=\"1600\" height=\"1066\" src=\"https:\/\/tekfenkoleji.k12.tr\/wp-content\/uploads\/2023\/11\/WhatsApp-Image-2020-10-23-at-12.01.00.jpeg\" alt=\"WhatsApp-Image-2020-10-23-at-12.01.00\" data-ratio=\"1.5\" data-original-w=\"1600\" \/><\/div>        <\/div>\n            <div class=\"aux-staff-content\">\n                        <h4 class=\"col-title\">SIMAY \u00d6ZKILI\u00c7<\/h4>\n                        <h5 class=\"col-subtitle\">Halkla \u0130li\u015fkiler Personelimiz<\/h5>\n                        <div class=\"entry-content\">\n                                Manisa Celal Bayar \u00dcniversitesi B\u00fcro Y\u00f6netimi ve Y\u00f6netici Asistanl\u0131\u011f\u0131 b\u00f6l\u00fcm\u00fcnden mezun oldu. 2016 y\u0131l\u0131ndan itibaren \u00e7e\u015fitli \u00f6zel yabanc\u0131 dil okullar\u0131nda E\u011fitim Dan\u0131\u015fmanl\u0131\u011f\u0131 g\u00f6revinde \u00e7al\u0131\u015ft\u0131. 2019 Aral\u0131k ay\u0131 itibari ile Halkla \u0130li\u015fkiler personeli olarak Tekfen Koleji ailesine kat\u0131ld\u0131.            <\/div>\n                    <\/div>\n\n    <\/div>\n\n\n<\/section><!-- widget-container -->\t\t\t\t<\/div>\n\t\t\t\t<\/div>\n\t\t\t\t\t<\/div>\n\t\t<\/div>\n\t\t\t\t\t<\/div>\n\t\t<\/section>\n\t\t\t\t<\/div>\n\t\t","protected":false},"excerpt":{"rendered":"<p>\u0130dari Kadromuz GAMZE BAYINIR \u0130dari \u0130\u015fler M\u00fcd\u00fcr\u00fcm\u00fcz Pamukkale \u00dcniversitesi Tarih B\u00f6l\u00fcm\u00fcnden mezun olmu\u015ftur. Formasyon e\u011fitimini tamamlad\u0131ktan sonra \u00e7e\u015fitli e\u011fitim kurumlar\u0131nda Tarih \u00d6\u011fretmeni olarak g\u00f6rev yapm\u0131\u015ft\u0131r. 2019 y\u0131l\u0131ndan bu yana idari i\u015fler kademesinde g\u00f6rev yapmaktad\u0131r. 2025 y\u0131l\u0131nda Tekfen Koleji ailesine\u00a0kat\u0131lm\u0131\u015ft\u0131r. GAMZE YILDIRIM Halkla \u0130li\u015fkiler M\u00fcd\u00fcr\u00fcm\u00fcz 2007 y\u0131l\u0131nda Eski\u015fehir \u00dcniversitesi \u0130\u015fletme b\u00f6l\u00fcm\u00fcnden mezun oldu.2005 y\u0131l\u0131ndan itibaren e\u011fitim [&hellip;]<\/p>\n","protected":false},"author":1,"featured_media":0,"parent":0,"menu_order":0,"comment_status":"closed","ping_status":"closed","template":"","meta":{"footnotes":""},"class_list":["post-774","page","type-page","status-publish","hentry"],"_links":{"self":[{"href":"https:\/\/tekfenkoleji.k12.tr\/index.php\/wp-json\/wp\/v2\/pages\/774","targetHints":{"allow":["GET"]}}],"collection":[{"href":"https:\/\/tekfenkoleji.k12.tr\/index.php\/wp-json\/wp\/v2\/pages"}],"about":[{"href":"https:\/\/tekfenkoleji.k12.tr\/index.php\/wp-json\/wp\/v2\/types\/page"}],"author":[{"embeddable":true,"href":"https:\/\/tekfenkoleji.k12.tr\/index.php\/wp-json\/wp\/v2\/users\/1"}],"replies":[{"embeddable":true,"href":"https:\/\/tekfenkoleji.k12.tr\/index.php\/wp-json\/wp\/v2\/comments?post=774"}],"version-history":[{"count":10,"href":"https:\/\/tekfenkoleji.k12.tr\/index.php\/wp-json\/wp\/v2\/pages\/774\/revisions"}],"predecessor-version":[{"id":2895,"href":"https:\/\/tekfenkoleji.k12.tr\/index.php\/wp-json\/wp\/v2\/pages\/774\/revisions\/2895"}],"wp:attachment":[{"href":"https:\/\/tekfenkoleji.k12.tr\/index.php\/wp-json\/wp\/v2\/media?parent=774"}],"curies":[{"name":"wp","href":"https:\/\/api.w.org\/{rel}","templated":true}]}}